{"id":5028,"date":"2024-10-09T05:40:55","date_gmt":"2024-10-09T05:40:55","guid":{"rendered":"https:\/\/maurema-home.mu\/home\/politique-de-confidentialite\/"},"modified":"2025-01-23T11:12:52","modified_gmt":"2025-01-23T11:12:52","slug":"politique-de-confidentialite","status":"publish","type":"page","link":"https:\/\/maurema-home.mu\/fr\/politique-de-confidentialite\/","title":{"rendered":"Politique de confidentialit\u00e9"},"content":{"rendered":"\t\t<div data-elementor-type=\"wp-page\" data-elementor-id=\"5028\" class=\"elementor elementor-5028 elementor-171\" data-elementor-post-type=\"page\">\n\t\t\t\t<div data-particle_enable=\"false\" data-particle-mobile-disabled=\"false\" class=\"elementor-element elementor-element-eb1bdc8 e-flex e-con-boxed e-con e-parent\" data-id=\"eb1bdc8\" data-element_type=\"container\" data-e-type=\"container\">\n\t\t\t\t\t<div class=\"e-con-inner\">\n\t\t\t\t<div class=\"elementor-element elementor-element-ed7873f elementor-widget elementor-widget-heading\" data-id=\"ed7873f\" data-element_type=\"widget\" data-e-type=\"widget\" data-widget_type=\"heading.default\">\n\t\t\t\t<div class=\"elementor-widget-container\">\n\t\t\t\t\t<h1 class=\"elementor-heading-title elementor-size-default\">Politique de confidentialit\u00e9<\/h1>\t\t\t\t<\/div>\n\t\t\t\t<\/div>\n\t\t\t\t\t<\/div>\n\t\t\t\t<\/div>\n\t\t<div data-particle_enable=\"false\" data-particle-mobile-disabled=\"false\" class=\"elementor-element elementor-element-df9cb0b e-flex e-con-boxed e-con e-parent\" data-id=\"df9cb0b\" data-element_type=\"container\" data-e-type=\"container\">\n\t\t\t\t\t<div class=\"e-con-inner\">\n\t\t\t\t<div class=\"elementor-element elementor-element-fdf7f76 elementor-widget elementor-widget-text-editor\" data-id=\"fdf7f76\" data-element_type=\"widget\" data-e-type=\"widget\" data-widget_type=\"text-editor.default\">\n\t\t\t\t<div class=\"elementor-widget-container\">\n\t\t\t\t\t\t\t\t\t<p><span style=\"font-weight: 400;\">Bienvenue sur Maurema Home. Nous accordons une grande importance \u00e0 votre vie priv\u00e9e et nous nous engageons \u00e0 prot\u00e9ger vos informations personnelles. Cette politique de confidentialit\u00e9 d\u00e9crit la mani\u00e8re dont nous collectons, utilisons, divulguons et prot\u00e9geons vos informations lorsque vous visitez notre site Web et utilisez nos services. En utilisant notre site Web et nos services, vous acceptez les pratiques d\u00e9crites dans cette politique.   <\/span><\/p>\n\t\t\t\t\t\t\t\t<\/div>\n\t\t\t\t<\/div>\n\t\t\t\t\t<\/div>\n\t\t\t\t<\/div>\n\t\t<div data-particle_enable=\"false\" data-particle-mobile-disabled=\"false\" class=\"elementor-element elementor-element-20e3729 e-flex e-con-boxed e-con e-parent\" data-id=\"20e3729\" data-element_type=\"container\" data-e-type=\"container\">\n\t\t\t\t\t<div class=\"e-con-inner\">\n\t\t\t\t<div class=\"elementor-element elementor-element-214e8b0 elementor-widget elementor-widget-heading\" data-id=\"214e8b0\" data-element_type=\"widget\" data-e-type=\"widget\" data-widget_type=\"heading.default\">\n\t\t\t\t<div class=\"elementor-widget-container\">\n\t\t\t\t\t<h6 class=\"elementor-heading-title elementor-size-default\">Informations que nous collectons<\/h6>\t\t\t\t<\/div>\n\t\t\t\t<\/div>\n\t\t\t\t<div class=\"elementor-element elementor-element-4aa98cd elementor-widget elementor-widget-text-editor\" data-id=\"4aa98cd\" data-element_type=\"widget\" data-e-type=\"widget\" data-widget_type=\"text-editor.default\">\n\t\t\t\t<div class=\"elementor-widget-container\">\n\t\t\t\t\t\t\t\t\t<p>Nous pouvons collecter les types d&rsquo;informations personnelles suivants :<br \/><strong>Informations de contact <\/strong>: Nom, num\u00e9ro de t\u00e9l\u00e9phone, adresse e-mail.<br \/><strong>Donn\u00e9es d&rsquo;utilisation:<\/strong> Informations sur la mani\u00e8re dont vous interagissez avec notre site Web, y compris l&rsquo;adresse IP, le type de navigateur, le syst\u00e8me d&rsquo;exploitation et les pages visit\u00e9es.<br \/><strong>Informations transactionnelles :<\/strong> D\u00e9tails des produits et services que vous achetez ou demandez.<br \/><strong>Communications:<\/strong> Contenu des messages que vous nous envoyez via notre site Web ou d&rsquo;autres canaux.<\/p>\n\t\t\t\t\t\t\t\t<\/div>\n\t\t\t\t<\/div>\n\t\t\t\t<div class=\"elementor-element elementor-element-bc5b813 elementor-widget elementor-widget-heading\" data-id=\"bc5b813\" data-element_type=\"widget\" data-e-type=\"widget\" data-widget_type=\"heading.default\">\n\t\t\t\t<div class=\"elementor-widget-container\">\n\t\t\t\t\t<h6 class=\"elementor-heading-title elementor-size-default\">Comment nous utilisons vos informations<\/h6>\t\t\t\t<\/div>\n\t\t\t\t<\/div>\n\t\t\t\t<div class=\"elementor-element elementor-element-d49628c elementor-widget elementor-widget-text-editor\" data-id=\"d49628c\" data-element_type=\"widget\" data-e-type=\"widget\" data-widget_type=\"text-editor.default\">\n\t\t\t\t<div class=\"elementor-widget-container\">\n\t\t\t\t\t\t\t\t\t<p><span style=\"font-weight: 400;\">Nous utilisons vos informations pour :<br \/><\/span><b>Fournir et g\u00e9rer nos services : <\/b><span style=\"font-weight: 400;\">Traiter les transactions, fournir un support client et r\u00e9pondre \u00e0 vos demandes.<br \/><\/span><b>Am\u00e9liorer notre site Web et nos services : <\/b><span style=\"font-weight: 400;\">Analyser les mod\u00e8les d&rsquo;utilisation pour am\u00e9liorer l&rsquo;exp\u00e9rience utilisateur.<br \/><\/span><b>Communiquer avec vous : <\/b><span style=\"font-weight: 400;\">Envoyer des mises \u00e0 jour, des mat\u00e9riels promotionnels et r\u00e9pondre \u00e0 vos demandes.<\/span><\/p>\n\t\t\t\t\t\t\t\t<\/div>\n\t\t\t\t<\/div>\n\t\t\t\t<div class=\"elementor-element elementor-element-322e725 elementor-widget elementor-widget-heading\" data-id=\"322e725\" data-element_type=\"widget\" data-e-type=\"widget\" data-widget_type=\"heading.default\">\n\t\t\t\t<div class=\"elementor-widget-container\">\n\t\t\t\t\t<h6 class=\"elementor-heading-title elementor-size-default\">S\u00e9curit\u00e9 de vos informations<\/h6>\t\t\t\t<\/div>\n\t\t\t\t<\/div>\n\t\t\t\t<div class=\"elementor-element elementor-element-79762a4 elementor-widget elementor-widget-text-editor\" data-id=\"79762a4\" data-element_type=\"widget\" data-e-type=\"widget\" data-widget_type=\"text-editor.default\">\n\t\t\t\t<div class=\"elementor-widget-container\">\n\t\t\t\t\t\t\t\t\t<p><span style=\"font-weight: 400;\">Nous mettons en \u0153uvre des mesures techniques et organisationnelles appropri\u00e9es pour prot\u00e9ger vos informations personnelles contre l&rsquo;acc\u00e8s, l&rsquo;utilisation ou la divulgation non autoris\u00e9e. Cependant, aucune transmission de donn\u00e9es sur Internet ou stockage \u00e9lectronique n&rsquo;est totalement s\u00e9curis\u00e9e, et nous ne pouvons garantir une s\u00e9curit\u00e9 absolue. <\/span><\/p>\n\t\t\t\t\t\t\t\t<\/div>\n\t\t\t\t<\/div>\n\t\t\t\t<div class=\"elementor-element elementor-element-e20e2ef elementor-widget elementor-widget-heading\" data-id=\"e20e2ef\" data-element_type=\"widget\" data-e-type=\"widget\" data-widget_type=\"heading.default\">\n\t\t\t\t<div class=\"elementor-widget-container\">\n\t\t\t\t\t<h6 class=\"elementor-heading-title elementor-size-default\">Vos droits et choix<\/h6>\t\t\t\t<\/div>\n\t\t\t\t<\/div>\n\t\t\t\t<div class=\"elementor-element elementor-element-90719fa elementor-widget elementor-widget-text-editor\" data-id=\"90719fa\" data-element_type=\"widget\" data-e-type=\"widget\" data-widget_type=\"text-editor.default\">\n\t\t\t\t<div class=\"elementor-widget-container\">\n\t\t\t\t\t\t\t\t\t<p><span style=\"font-weight: 400;\">Vous disposez des droits suivants concernant vos informations personnelles :<br \/><\/span><b>Acc\u00e8s et correction : <\/b><span style=\"font-weight: 400;\">Demander l&rsquo;acc\u00e8s \u00e0 et la correction de vos informations personnelles.<br \/><\/span><b>D\u00e9sinscription : <\/b><span style=\"font-weight: 400;\">Vous d\u00e9sinscrire des communications promotionnelles en suivant les instructions fournies dans ces communications.<br \/><\/span><b>Suppression : <\/b><span style=\"font-weight: 400;\">Demander la suppression de vos informations personnelles, sous r\u00e9serve des limitations l\u00e9gales et contractuelles.<\/span><\/p>\n\t\t\t\t\t\t\t\t<\/div>\n\t\t\t\t<\/div>\n\t\t\t\t<div class=\"elementor-element elementor-element-c3e4775 elementor-widget elementor-widget-heading\" data-id=\"c3e4775\" data-element_type=\"widget\" data-e-type=\"widget\" data-widget_type=\"heading.default\">\n\t\t\t\t<div class=\"elementor-widget-container\">\n\t\t\t\t\t<h6 class=\"elementor-heading-title elementor-size-default\">Cookies et technologies de suivi<\/h6>\t\t\t\t<\/div>\n\t\t\t\t<\/div>\n\t\t\t\t<div class=\"elementor-element elementor-element-03b9d42 elementor-widget elementor-widget-text-editor\" data-id=\"03b9d42\" data-element_type=\"widget\" data-e-type=\"widget\" data-widget_type=\"text-editor.default\">\n\t\t\t\t<div class=\"elementor-widget-container\">\n\t\t\t\t\t\t\t\t\t<p>Nous utilisons des cookies et des technologies de suivi similaires pour am\u00e9liorer votre exp\u00e9rience de navigation et collecter des informations sur la mani\u00e8re dont vous utilisez notre site Web. Vous pouvez g\u00e9rer vos pr\u00e9f\u00e9rences en mati\u00e8re de cookies via les param\u00e8tres de votre navigateur. <\/p>\n\t\t\t\t\t\t\t\t<\/div>\n\t\t\t\t<\/div>\n\t\t\t\t<div class=\"elementor-element elementor-element-8dd51fe elementor-widget elementor-widget-heading\" data-id=\"8dd51fe\" data-element_type=\"widget\" data-e-type=\"widget\" data-widget_type=\"heading.default\">\n\t\t\t\t<div class=\"elementor-widget-container\">\n\t\t\t\t\t<h6 class=\"elementor-heading-title elementor-size-default\">Liens vers des sites tiers<\/h6>\t\t\t\t<\/div>\n\t\t\t\t<\/div>\n\t\t\t\t<div class=\"elementor-element elementor-element-bbcc88a elementor-widget elementor-widget-text-editor\" data-id=\"bbcc88a\" data-element_type=\"widget\" data-e-type=\"widget\" data-widget_type=\"text-editor.default\">\n\t\t\t\t<div class=\"elementor-widget-container\">\n\t\t\t\t\t\t\t\t\t<p>Notre site Web peut contenir des liens vers des sites Web tiers. Nous ne sommes pas responsables des pratiques de confidentialit\u00e9 ou du contenu de ces sites. Nous vous encourageons \u00e0 consulter leurs politiques de confidentialit\u00e9 avant de fournir toute information personnelle.  <\/p>\n\t\t\t\t\t\t\t\t<\/div>\n\t\t\t\t<\/div>\n\t\t\t\t<div class=\"elementor-element elementor-element-439eca1 elementor-widget elementor-widget-heading\" data-id=\"439eca1\" data-element_type=\"widget\" data-e-type=\"widget\" data-widget_type=\"heading.default\">\n\t\t\t\t<div class=\"elementor-widget-container\">\n\t\t\t\t\t<h6 class=\"elementor-heading-title elementor-size-default\">Modifications de cette politique de confidentialit\u00e9<\/h6>\t\t\t\t<\/div>\n\t\t\t\t<\/div>\n\t\t\t\t<div class=\"elementor-element elementor-element-9f09c34 elementor-widget elementor-widget-text-editor\" data-id=\"9f09c34\" data-element_type=\"widget\" data-e-type=\"widget\" data-widget_type=\"text-editor.default\">\n\t\t\t\t<div class=\"elementor-widget-container\">\n\t\t\t\t\t\t\t\t\t<p>Nous pouvons mettre \u00e0 jour cette politique de confidentialit\u00e9 de temps en temps. Toute modification sera publi\u00e9e sur cette page, et la politique mise \u00e0 jour prendra effet imm\u00e9diatement apr\u00e8s sa publication. Votre utilisation continue de notre site Web et de nos services apr\u00e8s toute modification indique votre acceptation de la politique mise \u00e0 jour.  <\/p>\n\t\t\t\t\t\t\t\t<\/div>\n\t\t\t\t<\/div>\n\t\t\t\t<div class=\"elementor-element elementor-element-8123f46 elementor-widget elementor-widget-heading\" data-id=\"8123f46\" data-element_type=\"widget\" data-e-type=\"widget\" data-widget_type=\"heading.default\">\n\t\t\t\t<div class=\"elementor-widget-container\">\n\t\t\t\t\t<h6 class=\"elementor-heading-title elementor-size-default\">Un projet en pr\u00e9paration ? Contactez-nous !\n<\/h6>\t\t\t\t<\/div>\n\t\t\t\t<\/div>\n\t\t\t\t<div class=\"elementor-element elementor-element-c5fad8e elementor-widget elementor-widget-text-editor\" data-id=\"c5fad8e\" data-element_type=\"widget\" data-e-type=\"widget\" data-widget_type=\"text-editor.default\">\n\t\t\t\t<div class=\"elementor-widget-container\">\n\t\t\t\t\t\t\t\t\t<p>Si vous avez des questions ou des pr\u00e9occupations concernant la pr\u00e9sente politique de confidentialit\u00e9 ou nos pratiques, veuillez nous contacter \u00e0 l&rsquo;adresse suivante : <a href=\"mailto:contact@maurema.net\">contact@maurema.net<\/a><\/p>\n\t\t\t\t\t\t\t\t<\/div>\n\t\t\t\t<\/div>\n\t\t\t\t\t<\/div>\n\t\t\t\t<\/div>\n\t\t\t\t<\/div>\n\t\t","protected":false},"excerpt":{"rendered":"<p>Politique de confidentialit\u00e9 Bienvenue sur Maurema Home. Nous accordons une grande importance \u00e0 votre vie priv\u00e9e et nous nous engageons \u00e0 prot\u00e9ger vos informations personnelles. Cette politique de confidentialit\u00e9 d\u00e9crit la mani\u00e8re dont nous collectons, utilisons, divulguons et prot\u00e9geons vos informations lorsque vous visitez notre site Web et utilisez nos services. En utilisant notre site [&hellip;]<\/p>\n","protected":false},"author":14,"featured_media":0,"parent":0,"menu_order":0,"comment_status":"closed","ping_status":"closed","template":"","meta":{"_acf_changed":false,"inline_featured_image":false,"footnotes":""},"class_list":["post-5028","page","type-page","status-publish","hentry"],"acf":[],"_links":{"self":[{"href":"https:\/\/maurema-home.mu\/fr\/wp-json\/wp\/v2\/pages\/5028","targetHints":{"allow":["GET"]}}],"collection":[{"href":"https:\/\/maurema-home.mu\/fr\/wp-json\/wp\/v2\/pages"}],"about":[{"href":"https:\/\/maurema-home.mu\/fr\/wp-json\/wp\/v2\/types\/page"}],"author":[{"embeddable":true,"href":"https:\/\/maurema-home.mu\/fr\/wp-json\/wp\/v2\/users\/14"}],"replies":[{"embeddable":true,"href":"https:\/\/maurema-home.mu\/fr\/wp-json\/wp\/v2\/comments?post=5028"}],"version-history":[{"count":5,"href":"https:\/\/maurema-home.mu\/fr\/wp-json\/wp\/v2\/pages\/5028\/revisions"}],"predecessor-version":[{"id":5366,"href":"https:\/\/maurema-home.mu\/fr\/wp-json\/wp\/v2\/pages\/5028\/revisions\/5366"}],"wp:attachment":[{"href":"https:\/\/maurema-home.mu\/fr\/wp-json\/wp\/v2\/media?parent=5028"}],"curies":[{"name":"wp","href":"https:\/\/api.w.org\/{rel}","templated":true}]}}