{"id":5051,"date":"2024-10-08T11:51:03","date_gmt":"2024-10-08T11:51:03","guid":{"rendered":"https:\/\/maurema-home.mu\/home\/contact\/"},"modified":"2025-08-14T12:48:21","modified_gmt":"2025-08-14T12:48:21","slug":"contact","status":"publish","type":"page","link":"https:\/\/maurema-home.mu\/fr\/contact\/","title":{"rendered":"Contact"},"content":{"rendered":"\t\t<div data-elementor-type=\"wp-page\" data-elementor-id=\"5051\" class=\"elementor elementor-5051 elementor-55\" data-elementor-post-type=\"page\">\n\t\t\t\t<div data-particle_enable=\"false\" data-particle-mobile-disabled=\"false\" class=\"elementor-element elementor-element-5f87674 e-con-full contact-section2 e-flex e-con e-parent\" data-id=\"5f87674\" data-element_type=\"container\" data-e-type=\"container\" data-settings=\"{&quot;background_background&quot;:&quot;classic&quot;}\">\n\t\t<div data-particle_enable=\"false\" data-particle-mobile-disabled=\"false\" data-dce-background-image-url=\"https:\/\/maurema-qxpc.wp1.sh\/home\/wp-content\/uploads\/sites\/3\/2024\/11\/mauremasa.jpg\" class=\"elementor-element elementor-element-56d95d4 e-con-full e-flex e-con e-child\" data-id=\"56d95d4\" data-element_type=\"container\" data-e-type=\"container\" data-settings=\"{&quot;background_background&quot;:&quot;classic&quot;}\">\n\t\t\t\t<div class=\"elementor-element elementor-element-829f6b1 elementor-widget elementor-widget-heading\" data-id=\"829f6b1\" data-element_type=\"widget\" data-e-type=\"widget\" data-widget_type=\"heading.default\">\n\t\t\t\t<div class=\"elementor-widget-container\">\n\t\t\t\t\t<h2 class=\"elementor-heading-title elementor-size-default\">Contactez-nous<\/h2>\t\t\t\t<\/div>\n\t\t\t\t<\/div>\n\t\t\t\t<\/div>\n\t\t<div data-particle_enable=\"false\" data-particle-mobile-disabled=\"false\" class=\"elementor-element elementor-element-23a02bc e-con-full home-form-section e-flex e-con e-child\" data-id=\"23a02bc\" data-element_type=\"container\" data-e-type=\"container\" data-settings=\"{&quot;background_background&quot;:&quot;classic&quot;}\">\n\t\t\t\t<div class=\"elementor-element elementor-element-45cc539 animated-slow elementor-invisible elementor-widget elementor-widget-text-editor\" data-id=\"45cc539\" data-element_type=\"widget\" data-e-type=\"widget\" data-settings=\"{&quot;_animation&quot;:&quot;fadeIn&quot;}\" data-widget_type=\"text-editor.default\">\n\t\t\t\t<div class=\"elementor-widget-container\">\n\t\t\t\t\t\t\t\t\t<div>Vous avez un projet en t\u00eate ? Parlons-en.<\/div>\t\t\t\t\t\t\t\t<\/div>\n\t\t\t\t<\/div>\n\t\t<!-- dce invisible element c07fb65 -->\t\t<div class=\"elementor-element elementor-element-8196035 elementor-widget__width-initial animated-slow contact-form elementor-invisible elementor-widget elementor-widget-ws-form\" data-id=\"8196035\" data-element_type=\"widget\" data-e-type=\"widget\" data-settings=\"{&quot;_animation&quot;:&quot;fadeIn&quot;,&quot;enabled_visibility&quot;:&quot;yes&quot;,&quot;dce_visibility_selected&quot;:&quot;yes&quot;}\" data-widget_type=\"ws-form.default\">\n\t\t\t\t<div class=\"elementor-widget-container\">\n\t\t\t\t\t<form action=\"https:\/\/maurema-home.mu\/fr\/wp-json\/ws-form\/v1\/submit\" class=\"wsf-form wsf-form-canvas\" id=\"ws-form-2\" data-id=\"3\" method=\"POST\" data-instance-id=\"2\" data-wsf-style-id=\"1\"><\/form>\t\t\t\t<\/div>\n\t\t\t\t<\/div>\n\t\t\t\t<\/div>\n\t\t\t\t<\/div>\n\t\t<div data-particle_enable=\"false\" data-particle-mobile-disabled=\"false\" class=\"elementor-element elementor-element-29d5c18 e-flex e-con-boxed e-con e-parent\" data-id=\"29d5c18\" data-element_type=\"container\" data-e-type=\"container\" data-settings=\"{&quot;background_background&quot;:&quot;classic&quot;}\">\n\t\t\t\t\t<div class=\"e-con-inner\">\n\t\t<div data-particle_enable=\"false\" data-particle-mobile-disabled=\"false\" class=\"elementor-element elementor-element-fe46ebb e-con-full e-flex e-con e-child\" data-id=\"fe46ebb\" data-element_type=\"container\" data-e-type=\"container\">\n\t\t\t\t<div class=\"elementor-element elementor-element-4ee28db animated-slow elementor-invisible elementor-widget elementor-widget-heading\" data-id=\"4ee28db\" data-element_type=\"widget\" data-e-type=\"widget\" data-settings=\"{&quot;_animation&quot;:&quot;fadeIn&quot;}\" data-widget_type=\"heading.default\">\n\t\t\t\t<div class=\"elementor-widget-container\">\n\t\t\t\t\t<h2 class=\"elementor-heading-title elementor-size-default\">Retrouvez-nous \u00e0 <a href=\"https:\/\/www.google.com\/maps\/place\/Maurema+Home\/@-20.1159275,57.5459791,760m\/data=!3m2!1e3!4b1!4m6!3m5!1s0x217c53fa20f64c73:0x297ca51acbe361ff!8m2!3d-20.1159275!4d57.5459791!16s%2Fg%2F11wr1z374w?entry=ttu&amp;g_ep=EgoyMDI1MDEyMC4wIKXMDSoASAFQAw%3D%3D\" target=\"_blank\" rel=\"noopener\">PinPoint Business Park<\/a><\/h2>\t\t\t\t<\/div>\n\t\t\t\t<\/div>\n\t\t\t\t<div class=\"elementor-element elementor-element-1e637fc elementor-widget-tablet__width-initial animated-slow elementor-invisible elementor-widget elementor-widget-text-editor\" data-id=\"1e637fc\" data-element_type=\"widget\" data-e-type=\"widget\" data-settings=\"{&quot;_animation&quot;:&quot;fadeIn&quot;}\" data-widget_type=\"text-editor.default\">\n\t\t\t\t<div class=\"elementor-widget-container\">\n\t\t\t\t\t\t\t\t\t<p><b>Heures d&rsquo;ouverture<\/b>: Du lundi au vendredi : 08:30 &#8211; 17:00 | Samedi, dimanche et jours f\u00e9ri\u00e9s : Ferm\u00e9<\/p>\t\t\t\t\t\t\t\t<\/div>\n\t\t\t\t<\/div>\n\t\t\t\t<\/div>\n\t\t\t\t<div data-dce-title-color=\"#000000\" class=\"elementor-element elementor-element-300a99d elementor-widget__width-inherit custom-map elementor-widget elementor-widget-ucaddon_ue_google_maps\" data-id=\"300a99d\" data-element_type=\"widget\" data-e-type=\"widget\" data-widget_type=\"ucaddon_ue_google_maps.default\">\n\t\t\t\t<div class=\"elementor-widget-container\">\n\t\t\t\t\t\n<!-- start Unlimited Google Maps -->\n\t\t<link id='font-awesome-css' href='https:\/\/maurema-home.mu\/wp-content\/plugins\/unlimited-elements-for-elementor-premium\/assets_libraries\/font-awesome6\/fontawesome-all.min.css' type='text\/css' rel='stylesheet' >\n\t\t<link id='font-awesome-4-shim-css' href='https:\/\/maurema-home.mu\/wp-content\/plugins\/unlimited-elements-for-elementor-premium\/assets_libraries\/font-awesome6\/fontawesome-v4-shims.min.css' type='text\/css' rel='stylesheet' >\n\n<style>\/* widget: Unlimited Google Maps *\/\n\n#uc_ue_google_maps_elementor_300a99d .ue-google-map__wrapper .gm-svpc>div>img {\n  max-width: unset;\n}\n\n#uc_ue_google_maps_elementor_300a99d .ue-google-map_navigator-toggle{\n  display:none;\n}\n\n#uc_ue_google_maps_elementor_300a99d .ue-google-map_navigator-toggle-icon{\n  align-items: center;\n  justify-content: center;\n}\n\n.ue-google-map .gm-style img{\n  border-radius: 0;\n}\n\n#uc_ue_google_maps_elementor_300a99d .ue-google-map_navigator-toggle .ue-google-map_navigator-toggle-icon--open{\n  display: flex;\n}\n\n#uc_ue_google_maps_elementor_300a99d .ue-google-map_navigator-toggle .ue-google-map_navigator-toggle-icon--close{\n  display: none;\n}\n\n#uc_ue_google_maps_elementor_300a99d .ue-google-map_navigator-toggle.uc_active .ue-google-map_navigator-toggle-icon--close{\n  display: flex;\n}\n\n#uc_ue_google_maps_elementor_300a99d .ue-google-map_navigator-toggle.uc_active .ue-google-map_navigator-toggle-icon--open{\n  display: none;\n}\n\n#uc_ue_google_maps_elementor_300a99d {\n  display: flex;\n  flex-direction: column;\n  position: relative;\n  height: 100%;\n}\n\n#uc_ue_google_maps_elementor_300a99d .ue-google-map__info-window{\n  display: flex;\n  flex-direction: column;\n}\n\n\n#uc_ue_google_maps_elementor_300a99d .ue-google-map_container {\n  display: flex;\n  flex-wrap: wrap;  \n}\n\n#uc_ue_google_maps_elementor_300a99d .ue-google-map_places-wrapper {\n  max-height: 100%;\n  overflow: hidden;\n  display:flex;\n  flex-direction:column;\n}\n\n#uc_ue_google_maps_elementor_300a99d .ue-google-map_search-wrapper {\n\twidth: 100%;\n    position: relative;  \n}\n\n#uc_ue_google_maps_elementor_300a99d .ue-google-map_search-input-wrapper {\n\tposition: relative;\n}\n\n#uc_ue_google_maps_elementor_300a99d .ue-google-map_search-icon {\n\tposition: absolute;\n    top: 50%;\n    right: 10px;\n    transform: translateY(-50%);\n    cursor: pointer;\n}\n\n#uc_ue_google_maps_elementor_300a99d .uc-map-error-message {\n   position:absolute;\n   top:-27px;\n   left:0px;\n   direction:ltr;\n   color:red;\n   font-size:16px;\n}\n  \n#uc_ue_google_maps_elementor_300a99d .uc-google-map__overlays {\n\tflex-grow: 1;\n    display:flex;\n  \theight: 100%;\n    position:relative;\t\n}\n\n#uc_ue_google_maps_elementor_300a99d .ue-google-map__wrapper {\n\tflex-grow: 1;\n    width: auto;\n  \theight: auto;\n    position:relative;\n}\n\n#uc_ue_google_maps_elementor_300a99d .ue-google-map_places-list {  \n  display: flex;\n  flex-direction: column;\n  justify-content: flex-start;\n  overflow: auto;\n  max-height: 100%;\n}\n\n#uc_ue_google_maps_elementor_300a99d .ue-google-map_places-item{\n  display:flex;\n  position:relative;\n  align-items:center;\n  overflow:hidden;\n  cursor:pointer;\n  flex-grow:0;\n  flex-shrink:0;\n}\n\n#uc_ue_google_maps_elementor_300a99d .ue-maps-navigator-item-image{\n  flex-grow:0;\n  flex-shrink:0;\n}\n\n#uc_ue_google_maps_elementor_300a99d .ue-maps-navigator-item-image-spacing{\n  flex-grow:0;\n  flex-shrink:0;\n}\n\n#uc_ue_google_maps_elementor_300a99d .ue-maps-navigator-item-spacing{\n  flex-grow:0;\n  flex-shrink:0;\n}\n\n#uc_ue_google_maps_elementor_300a99d .ue-maps-navigator-item-spacing:last-child{\n  display:none;\n}\n\n.ue-maps-navigator-item-title{\n  font-size:21px;\n}\n\n.ue-maps-navigator-item-sub-title{\n  font-size:12px;\n}\n\n\n#uc_ue_google_maps_elementor_300a99d .ue-maps-navigator-item-image img{\n  display:block;\n}\n\n#uc_ue_google_maps_elementor_300a99d .ue-maps-navigator-item-background-image{\n  position:absolute;\n  top:0;\n  bottom:0;\n  left:0;\n  right:0;\n  width:100%;\n  height:100%;\n}\n\n#uc_ue_google_maps_elementor_300a99d .ue-maps-navigator-item-background-overlay{\n  position:absolute;\n  top:0;\n  bottom:0;\n  left:0;\n  right:0;\n  width:100%;\n  height:100%;  \n}\n\n#uc_ue_google_maps_elementor_300a99d .ue-maps-navigator-item-content{\n  position:relative;\n  flex-grow:1;\n}\n\n#uc_ue_google_maps_elementor_300a99d .ue-google-map__info-window-img img{\n width:100%; \n}\n\n.ue-google-map_places-hidden-placeholders {\n\tdisplay: none;\n}\n\n\n\n.ue-google-map__info-window-title{\n  font-size:21px;\n}\n\n\n@media screen and (max-width: 768px) {  \n  #uc_ue_google_maps_elementor_300a99d .ue-google-map_container  {\n    flex-direction:column;\n  }\n  \n  #uc_ue_google_maps_elementor_300a99d .ue-google-map_places-wrapper  {\n    display:none;\n    position:absolute;\n          top: 0;\n        width:100%;\n    height: calc(100% - 44px);\n    left:0px;\n    right:0px;\n    z-index:1;\n  }\n  \n  #uc_ue_google_maps_elementor_300a99d .ue-google-map_places-wrapper.uc_active {\n  \tdisplay: flex;\n  }\n  \n  #uc_ue_google_maps_elementor_300a99d .ue-google-map_navigator-toggle    {\n      display:flex;\n      justify-content: center;\n      align-items: center;\t\n      z-index: 1000;\n      position:absolute;\n              bottom:0;\n            \n      width:100%;      \n    }   \n  \n    }\n\n#uc_ue_google_maps_elementor_300a99d .ue-google-map__error-overlay{\n  display: none;\n  align-items: center;\n  justify-content: center;\n  width: 100%;\n  height: 100%;\n  position: absolute;\n  inset: 0;\n  z-index: 4;\n}\n\n#uc_ue_google_maps_elementor_300a99d .ue-google-map__error-overlay:before{\n  \tcontent: ' ';\n    position: absolute;\n    width: 100%;\n    height: 100%;\n    background-image: linear-gradient(90deg, #6f00d8 0%, #1c6aff 100%);\n    z-index: 1;\n    opacity: 0.7;\n}\n\n#uc_ue_google_maps_elementor_300a99d .ue-google-map__error-overlay-content{\n\twidth: 70%;\n  \theight: 70%;\n  \tbackground: #ffffff;\n  color: #000000;\n  padding: 1.2em;\n  z-index: 2;\n  position: relative;\n}\n\n#uc_ue_google_maps_elementor_300a99d .ue-google-map__error-overlay-title,\n#uc_ue_google_maps_elementor_300a99d .ue-google-map__error-overlay-geocoded-value,\n#uc_ue_google_maps_elementor_300a99d .ue-google-map__error-overlay-status,\n#uc_ue_google_maps_elementor_300a99d .ue-google-map__error-overlay-close-btn:hover{\n\tcolor: #ff0000;\n}\n\n#uc_ue_google_maps_elementor_300a99d .ue-google-map__error-overlay-close-btn{\n    font-size: 2em;\n    position: absolute;\n    top: 0;\n    right: 5%;\n  \tcursor: pointer;\n}\n\n#uc_ue_google_maps_elementor_300a99d span.ue-google-map__info-icon{\n  line-height:1em;\n}\n\n#uc_ue_google_maps_elementor_300a99d span.ue-google-map__info-icon svg{\n  height:1em;\n  width:1em;\n}\n\n#uc_ue_google_maps_elementor_300a99d .ue-google-map_reset-btn{\n  border:none;\n  position:absolute;\n  bottom:35px;\n  left:10px;\n  z-index:1;\n  display:flex;\n  align-items:center;\n  justify-content:center;\n  line-height:1em;\n  box-shadow: rgb(0 0 0 \/ 30%) 0px 1px 4px -1px; \n}\n\n.ue-google-map_reset-btn svg{\n  height:1em;\n  width:1em;\n}\n\n\n#uc_ue_google_maps_elementor_300a99d .ue-google-map_category{\n  display:flex;\n  flex-direction: column;\n}\n\n#uc_ue_google_maps_elementor_300a99d .ue-google-map_category-content{\n\tdisplay: flex;\n}\n\n#uc_ue_google_maps_elementor_300a99d .ue-google-map_category-title{\n\tdisplay: flex;\n    gap: 0.5em;\n    width: 100%;\n}\n\n#uc_ue_google_maps_elementor_300a99d .ue-google-map_category-checkbox{\n  flex-grow:0;\n  flex-shrink:0;\n  display:flex;\n  align-items:center;\n}\n\n#uc_ue_google_maps_elementor_300a99d .ue-google-map_category-name{\n  flex-grow:1;\n  cursor: pointer;\n}\n\n#uc_ue_google_maps_elementor_300a99d .ue-google-map_category-toggle{\n  flex-grow:0;\n  flex-shrink:0;\n  cursor: pointer;\n}\n\n#uc_ue_google_maps_elementor_300a99d .ue-google-map_category-checkbox-spacing{\n  width:10px;\n  flex-grow:0;\n  flex-shrink:0;\n}\n\n#uc_ue_google_maps_elementor_300a99d .ue-google-map_navigator-toggle{\n  cursor:pointer;\n  text-align:center;\n}\n\n#uc_ue_google_maps_elementor_300a99d .ue-google-map_category-toggle{\n  position: relative;\n  width: 15%;\n}\n\n#uc_ue_google_maps_elementor_300a99d .ue-google-map_category-toggle .ue-google-map_category-toggle-icon{\n  position: absolute;\n  top: 50%;\n  left: 50%;\n  transform: translate(-50%, -50%);\n  transition: opacity 0.4s ease-out;\n}\n\n#uc_ue_google_maps_elementor_300a99d .ue-google-map_category-toggle .ue-google-map_category-toggle-close {\n  opacity: 0;\n}\n\n#uc_ue_google_maps_elementor_300a99d .ue-google-map_category-toggle.ue_active .ue-google-map_category-toggle-close{\n  opacity: 1;\n}\n\n#uc_ue_google_maps_elementor_300a99d .ue-google-map_category-toggle .ue-google-map_category-toggle-open {\n\topacity: 1;\n}\n\n#uc_ue_google_maps_elementor_300a99d .ue-google-map_category-toggle.ue_active .ue-google-map_category-toggle-open{\n  opacity: 0;\n}\n#uc_ue_google_maps_elementor_300a99d .ue-google-map_category-items{\n  overflow: hidden;\n  transition: max-height 0.6s ease-in-out;\n}\n\n  #uc_ue_google_maps_elementor_300a99d .ue_shimmer {\n      animation: ue_shimmer 2.2s linear infinite forwards;\n      background: #ddd;\n      background-image: linear-gradient(to right, #F6F6F6 8%, #F0F0F0 18%, #F6F6F6 33%);\n      background-size: 200% 100%;\n  }\n\n@keyframes ue_shimmer {\n    0% {\n        background-position: 200% 0;\n    }\n    100% {\n        background-position: -200% 0;\n    }\n}\n\n#uc_ue_google_maps_elementor_300a99d .ue-google-map__loader {\n\tposition: absolute;\n  \tinset: 0;\n    width: 100%;\n    height: 100%;\n  \tz-index: 3;\n  \ttransform-origin: 100% 0%;\n      \ttransition: transform 0.6s ease-out;\n  \t}\n\n#uc_ue_google_maps_elementor_300a99d .uc-checkbox{\n\tposition: absolute; \n    overflow: hidden; \n    clip: rect(0 0 0 0); \n    height:1px; \n    width:1px;\n    margin:-1px; \n    padding:0;\n    border:0;\n}\n\n#uc_ue_google_maps_elementor_300a99d .uc-checkbox + label{\n\tdisplay:block;\n    border-radius:2px;\n\tpadding:1px;\n\twidth:17px;\n\theight:17px;\n    background:#ffffff;\n    cursor:pointer;\n}\n\n#uc_ue_google_maps_elementor_300a99d .uc-checkbox + label svg{\n\tdisplay:none;\n}\n\n#uc_ue_google_maps_elementor_300a99d .uc-checkbox:checked + label svg{\n\tdisplay:inline-block;\n}\n\n#uc_ue_google_maps_elementor_300a99d .ue-map-dir-btn,\n#uc_ue_google_maps_elementor_300a99d .ue-map-learn-btn{\n  display:block;\n}\n\n#uc_ue_google_maps_elementor_300a99d .ue-google-map-setting-item{\n  position: absolute;\n}\n\n\/* ue-google-map_places-wrapper element is hidden to allow filters *\/\n\n\/* removes 2px blue border from the map *\/\n#uc_ue_google_maps_elementor_300a99d iframe + div{\n\tborder: none !important;\n}\n\n\/* custom nav icons color *\/\n\n\n\/* end custom nav icons color *\/\n\n\/* override default map styles *\/\n#uc_ue_google_maps_elementor_300a99d .gm-style-iw{\n  padding-inline-start: 18px;\n}\n\n<\/style>\n\n\n\n\n      <script>\n       if(typeof g_arrInitCallbacks == \"undefined\") \n      \t var g_arrInitCallbacks = [];\n       \n       if(typeof g_isGoogleMapInited == \"undefined\")\n       \t var g_isGoogleMapInited = false;\n\t\t\n       function ucInitMaps(){\n         \n           g_isGoogleMapInited = true;\n           if(!g_arrInitCallbacks || g_arrInitCallbacks.length == 0)\n             return(false);\n\n           for(index in g_arrInitCallbacks)\n             g_arrInitCallbacks[index]();\n      }\n        \n      if(typeof UCaddGoogleMapsScript == \"undefined\")\n        function UCaddGoogleMapsScript(){\n          \n          const script1 = document.createElement('script');\n          script1.src = \"https:\/\/maps.googleapis.com\/maps\/api\/js?key=AIzaSyDaB0dMFzYF6tT6GcqqXk3WxejDYcRgAiw&loading=async&callback=ucInitMaps&libraries=&v=weekly\";\n          script1.async = true;\n          document.body.appendChild(script1);      \n        }\n              \n        if(g_isGoogleMapInited !== true)\n        \tUCaddGoogleMapsScript();\n\n<\/script>\n\n  \n\n\n\n\n  <div id=\"uc_ue_google_maps_elementor_300a99d\" class=\"ue-google-map  \" >\n    <div class=\"ue-google-map__loader ue_shimmer\"><\/div>\n        <div class=\"ue-google-map_container\">\n         \n      \n      <div class=\"uc-google-map__overlays\">\n        \n                  \t<button class=\"ue-google-map_reset-btn\" aria-label=\"Reset\" aria-role=\"button\" aria-roledescription=\"Reset Map\" tabindex=\"0\" title=\"Reset Map\"><i class='fas fa-sync'><\/i><\/button>\n                \n        <div aria-label=\"Map\" aria-role=\"application\" aria-roledescription=\"map\" class=\"ue-google-map__wrapper\">\n        <\/div>\n      <\/div>\n      \n              <div class=\"ue-google-map_places-wrapper\" >\n        \n        <div tabindex=\"0\" class=\"ue-google-map_places-list uc-items-wrapper\">\n          \n\n\n\t\n\t<div aria-label=\"PinPoint Business Park\" aria-role=\"button\" aria-roledescription=\"PinPoint Business Park Map Item\" tabindex=\"0\" class=\"ue-google-map_places-item ue-google-map_navigator-item\" data-item-type=\"place\" data-category-index =  \"0\"  data-item_index=\"1\">\n       \n          <div class=\"ue-google-map-setting-item\" data-settings='{\n   \"icon_type\": \"custom_image\",\n   \"marker_custom_icon\": \"https:\/\/maurema-home.mu\/wp-content\/uploads\/2024\/10\/pin.png\",\n   \"ue_svg_marker\": \"Markers\/stylishBlue.svg\",   \n   \"marker_list_icon\": \"marker\",\n   \"icon_letter\": \"A\",  \n   \"title\": &quot;PinPoint&#x20;Business&#x20;Park&quot;,  \n   \"item_type\": \"place\",         \n   \"coordinates_type\": \"enter\",               \n   \"marker_latitude\": \"-20.11591480921121\",\n   \"marker_longitude\": \"57.54597969353201\",\n   \"zoom_level\": \"13px\",\n   \"item_index\":  1                                                         \n  }'><\/div>\n\n      \n\t\t\t\n\n        \t\n\n        <div class=\"ue-maps-navigator-item-content\">\n            \t\n            <div class=\"ue-maps-navigator-item-sub-title\"><\/div>\n        <\/div>\n\n    <\/div>\n\n    <div class=\"ue-maps-navigator-item-spacing\"><\/div>\n\n          \n\n\n\n        <\/div>\n      <\/div>\n            \n      \n              <div class=\"ue-google-map_navigator-toggle\" data-open-text=\"Afficher les lieux\" data-close-text=\"Lieux proches\" data-pos=\"bot\">\n                    <span class=\"ue-google-map_navigator-toggle-text\">Afficher les lieux<\/span>\n        <\/div>\n              \n      \n    <\/div>\n    <div class=\"ue-google-map_places-hidden-placeholders uc-items-wrapper2\">\n         <div class=\"ue-google-map__info-window\">\n        \n        \n    <div class=\"ue-google-map__info-window-content\">\n      \n                \t\n      \n                      \n                    \n              \t\n\n      \n              \t\n     \n               <a class=\"ue-map-dir-btn\" href=\"http:\/\/www.google.com\/maps\/place\/-20.11591480921121,57.54597969353201\" target=\"_blank\" rel=\"noopener\">Ouvrir dans Google Map<\/a>\n                  \n             \n    <\/div>\n<\/div>\n\n    <\/div>\n    <div class=\"ue-google-map__error-overlay\">\n      <div class=\"ue-google-map__error-overlay-content\">\n        <span class=\"ue-google-map__error-overlay-close-btn\">\u00d7<\/span>\n        <h3 class=\"ue-google-map__error-overlay-title\">Geocoding Error Occured.<\/h3>\n        <p>Tried to Geocode: <span class=\"ue-google-map__error-overlay-geocoded-value\"><\/span><\/p>\n        <p>Error Type: <span class=\"ue-google-map__error-overlay-status\"><\/span><\/p>\n        <p>Please be sure to follow the tutorial on how to setup the Google APIs required for the Advanced Google Map Widget.<\/p>\n        <a href=\"https:\/\/unlimited-elements.com\/docs\/google-map-api-key\/\" target=\"_blank\" rel=\"noopener\">Google Map API Key Tutorial <\/a>\n      <\/div>\n    <\/div>\n  <\/div>\n\n<!-- end Unlimited Google Maps -->\t\t\t\t<\/div>\n\t\t\t\t<\/div>\n\t\t\t\t\t<\/div>\n\t\t\t\t<\/div>\n\t\t\t\t<\/div>\n\t\t","protected":false},"excerpt":{"rendered":"<p>Contactez-nous Vous avez un projet en t\u00eate ? Parlons-en. Retrouvez-nous \u00e0 PinPoint Business Park Heures d&rsquo;ouverture: Du lundi au vendredi : 08:30 &#8211; 17:00 | Samedi, dimanche et jours f\u00e9ri\u00e9s : Ferm\u00e9 Afficher les lieux Ouvrir dans Google Map \u00d7 Geocoding Error Occured. Tried to Geocode: Error Type: Please be sure to follow the tutorial [&hellip;]<\/p>\n","protected":false},"author":14,"featured_media":0,"parent":0,"menu_order":0,"comment_status":"closed","ping_status":"closed","template":"","meta":{"_acf_changed":false,"inline_featured_image":false,"footnotes":""},"class_list":["post-5051","page","type-page","status-publish","hentry"],"acf":[],"_links":{"self":[{"href":"https:\/\/maurema-home.mu\/fr\/wp-json\/wp\/v2\/pages\/5051","targetHints":{"allow":["GET"]}}],"collection":[{"href":"https:\/\/maurema-home.mu\/fr\/wp-json\/wp\/v2\/pages"}],"about":[{"href":"https:\/\/maurema-home.mu\/fr\/wp-json\/wp\/v2\/types\/page"}],"author":[{"embeddable":true,"href":"https:\/\/maurema-home.mu\/fr\/wp-json\/wp\/v2\/users\/14"}],"replies":[{"embeddable":true,"href":"https:\/\/maurema-home.mu\/fr\/wp-json\/wp\/v2\/comments?post=5051"}],"version-history":[{"count":4,"href":"https:\/\/maurema-home.mu\/fr\/wp-json\/wp\/v2\/pages\/5051\/revisions"}],"predecessor-version":[{"id":6223,"href":"https:\/\/maurema-home.mu\/fr\/wp-json\/wp\/v2\/pages\/5051\/revisions\/6223"}],"wp:attachment":[{"href":"https:\/\/maurema-home.mu\/fr\/wp-json\/wp\/v2\/media?parent=5051"}],"curies":[{"name":"wp","href":"https:\/\/api.w.org\/{rel}","templated":true}]}}