{"id":5053,"date":"2024-10-22T08:13:54","date_gmt":"2024-10-22T08:13:54","guid":{"rendered":"https:\/\/maurema-home.mu\/home\/conditions-generales\/"},"modified":"2025-01-22T19:46:20","modified_gmt":"2025-01-22T19:46:20","slug":"conditions-generales","status":"publish","type":"page","link":"https:\/\/maurema-home.mu\/fr\/conditions-generales\/","title":{"rendered":"Conditions g\u00e9n\u00e9rales"},"content":{"rendered":"\t\t<div data-elementor-type=\"wp-page\" data-elementor-id=\"5053\" class=\"elementor elementor-5053 elementor-2005\" data-elementor-post-type=\"page\">\n\t\t\t\t<div data-particle_enable=\"false\" data-particle-mobile-disabled=\"false\" class=\"elementor-element elementor-element-eb1bdc8 e-flex e-con-boxed e-con e-parent\" data-id=\"eb1bdc8\" data-element_type=\"container\" data-e-type=\"container\">\n\t\t\t\t\t<div class=\"e-con-inner\">\n\t\t\t\t<div class=\"elementor-element elementor-element-ed7873f elementor-widget elementor-widget-heading\" data-id=\"ed7873f\" data-element_type=\"widget\" data-e-type=\"widget\" data-widget_type=\"heading.default\">\n\t\t\t\t<div class=\"elementor-widget-container\">\n\t\t\t\t\t<h1 class=\"elementor-heading-title elementor-size-default\">Conditions g\u00e9n\u00e9rales<\/h1>\t\t\t\t<\/div>\n\t\t\t\t<\/div>\n\t\t\t\t\t<\/div>\n\t\t\t\t<\/div>\n\t\t<div data-particle_enable=\"false\" data-particle-mobile-disabled=\"false\" class=\"elementor-element elementor-element-df9cb0b e-flex e-con-boxed e-con e-parent\" data-id=\"df9cb0b\" data-element_type=\"container\" data-e-type=\"container\">\n\t\t\t\t\t<div class=\"e-con-inner\">\n\t\t\t\t<div class=\"elementor-element elementor-element-fdf7f76 elementor-widget elementor-widget-text-editor\" data-id=\"fdf7f76\" data-element_type=\"widget\" data-e-type=\"widget\" data-widget_type=\"text-editor.default\">\n\t\t\t\t<div class=\"elementor-widget-container\">\n\t\t\t\t\t\t\t\t\t<p><span style=\"font-weight: 400;\">Bienvenue sur Maurema Home ! En acc\u00e9dant \u00e0 notre site Web et en utilisant nos services, vous acceptez de vous conformer aux conditions suivantes. Veuillez lire attentivement ces conditions. Si vous n&rsquo;\u00eates pas d&rsquo;accord avec ces conditions, vous ne devez pas utiliser nos services.<\/span><\/p>\n\t\t\t\t\t\t\t\t<\/div>\n\t\t\t\t<\/div>\n\t\t\t\t\t<\/div>\n\t\t\t\t<\/div>\n\t\t<div data-particle_enable=\"false\" data-particle-mobile-disabled=\"false\" class=\"elementor-element elementor-element-c0cba10 e-flex e-con-boxed e-con e-parent\" data-id=\"c0cba10\" data-element_type=\"container\" data-e-type=\"container\">\n\t\t\t\t\t<div class=\"e-con-inner\">\n\t\t\t\t<div class=\"elementor-element elementor-element-0642437 elementor-widget elementor-widget-heading\" data-id=\"0642437\" data-element_type=\"widget\" data-e-type=\"widget\" data-widget_type=\"heading.default\">\n\t\t\t\t<div class=\"elementor-widget-container\">\n\t\t\t\t\t<h6 class=\"elementor-heading-title elementor-size-default\">Services\n<\/h6>\t\t\t\t<\/div>\n\t\t\t\t<\/div>\n\t\t\t\t<div class=\"elementor-element elementor-element-5ee3413 elementor-widget elementor-widget-text-editor\" data-id=\"5ee3413\" data-element_type=\"widget\" data-e-type=\"widget\" data-widget_type=\"text-editor.default\">\n\t\t\t\t<div class=\"elementor-widget-container\">\n\t\t\t\t\t\t\t\t\t<p>Maurema Home se sp\u00e9cialise dans la fourniture de solutions de design et de d\u00e9coration d&rsquo;int\u00e9rieur adapt\u00e9es aux prestataires de services professionnels, tels que les architectes, les designers d&rsquo;int\u00e9rieur, les sp\u00e9cialistes de piscines, les professionnels du b\u00e2timent, ainsi que les promoteurs immobiliers, les h\u00f4teliers et les clients priv\u00e9s. Nos services incluent, sans s&rsquo;y limiter, des recommandations de produits, des consultations en design et un soutien pour les projets.<\/p>\n\t\t\t\t\t\t\t\t<\/div>\n\t\t\t\t<\/div>\n\t\t\t\t<div class=\"elementor-element elementor-element-301bacd elementor-widget elementor-widget-heading\" data-id=\"301bacd\" data-element_type=\"widget\" data-e-type=\"widget\" data-widget_type=\"heading.default\">\n\t\t\t\t<div class=\"elementor-widget-container\">\n\t\t\t\t\t<h6 class=\"elementor-heading-title elementor-size-default\">Informations personnelles n\u00e9cessaires<\/h6>\t\t\t\t<\/div>\n\t\t\t\t<\/div>\n\t\t\t\t<div class=\"elementor-element elementor-element-b957c9a elementor-widget elementor-widget-text-editor\" data-id=\"b957c9a\" data-element_type=\"widget\" data-e-type=\"widget\" data-widget_type=\"text-editor.default\">\n\t\t\t\t<div class=\"elementor-widget-container\">\n\t\t\t\t\t\t\t\t\t<p>Pour permettre une communication efficace, vous devrez peut-\u00eatre fournir certaines informations personnelles. Cela inclut des d\u00e9tails essentiels tels que votre nom, votre num\u00e9ro de t\u00e9l\u00e9phone et votre adresse e-mail. En soumettant ces informations, vous vous engagez \u00e0 garantir leur exactitude et leur exhaustivit\u00e9. Fournir des informations personnelles exactes est essentiel pour nous permettre d&rsquo;adapter nos services \u00e0 vos besoins sp\u00e9cifiques et de maintenir une ligne de communication directe et efficace avec vous.<\/p>\n\t\t\t\t\t\t\t\t<\/div>\n\t\t\t\t<\/div>\n\t\t\t\t<div class=\"elementor-element elementor-element-d784b4b elementor-widget elementor-widget-heading\" data-id=\"d784b4b\" data-element_type=\"widget\" data-e-type=\"widget\" data-widget_type=\"heading.default\">\n\t\t\t\t<div class=\"elementor-widget-container\">\n\t\t\t\t\t<h6 class=\"elementor-heading-title elementor-size-default\">Utilisation des services<\/h6>\t\t\t\t<\/div>\n\t\t\t\t<\/div>\n\t\t\t\t<div class=\"elementor-element elementor-element-e99a090 elementor-widget elementor-widget-text-editor\" data-id=\"e99a090\" data-element_type=\"widget\" data-e-type=\"widget\" data-widget_type=\"text-editor.default\">\n\t\t\t\t<div class=\"elementor-widget-container\">\n\t\t\t\t\t\t\t\t\t<p>Vous vous engagez \u00e0 utiliser nos services uniquement \u00e0 des fins l\u00e9gales et conform\u00e9ment \u00e0 ces conditions g\u00e9n\u00e9rales. Vous vous engagez \u00e0 utiliser nos services uniquement \u00e0 des fins l\u00e9gales et conform\u00e9ment \u00e0 ces conditions g\u00e9n\u00e9rales. Vous ne devez pas utiliser nos services de mani\u00e8re \u00e0 endommager, d\u00e9sactiver, surcharger ou alt\u00e9rer nos syst\u00e8mes ou interf\u00e9rer avec l&rsquo;utilisation et le plaisir des services par toute autre partie.<\/p>\n\t\t\t\t\t\t\t\t<\/div>\n\t\t\t\t<\/div>\n\t\t\t\t<div class=\"elementor-element elementor-element-2e93542 elementor-widget elementor-widget-heading\" data-id=\"2e93542\" data-element_type=\"widget\" data-e-type=\"widget\" data-widget_type=\"heading.default\">\n\t\t\t\t<div class=\"elementor-widget-container\">\n\t\t\t\t\t<h6 class=\"elementor-heading-title elementor-size-default\">Propri\u00e9t\u00e9 intellectuelle<\/h6>\t\t\t\t<\/div>\n\t\t\t\t<\/div>\n\t\t\t\t<div class=\"elementor-element elementor-element-308709e elementor-widget elementor-widget-text-editor\" data-id=\"308709e\" data-element_type=\"widget\" data-e-type=\"widget\" data-widget_type=\"text-editor.default\">\n\t\t\t\t<div class=\"elementor-widget-container\">\n\t\t\t\t\t\t\t\t\t<p>Tout le contenu et les mat\u00e9riaux fournis par le biais de nos services, y compris, mais sans s&rsquo;y limiter, les textes, graphiques, logos et conceptions, sont la propri\u00e9t\u00e9 de Maurema Home ou de ses partenaires et sont prot\u00e9g\u00e9s par les lois sur la propri\u00e9t\u00e9 intellectuelle. Vous ne pouvez pas reproduire, distribuer ou cr\u00e9er des \u0153uvres d\u00e9riv\u00e9es de ce contenu sans notre consentement \u00e9crit pr\u00e9alable.<\/p>\n\t\t\t\t\t\t\t\t<\/div>\n\t\t\t\t<\/div>\n\t\t\t\t<div class=\"elementor-element elementor-element-1146001 elementor-widget elementor-widget-heading\" data-id=\"1146001\" data-element_type=\"widget\" data-e-type=\"widget\" data-widget_type=\"heading.default\">\n\t\t\t\t<div class=\"elementor-widget-container\">\n\t\t\t\t\t<h6 class=\"elementor-heading-title elementor-size-default\">Paiement et frais<\/h6>\t\t\t\t<\/div>\n\t\t\t\t<\/div>\n\t\t\t\t<div class=\"elementor-element elementor-element-caa339d elementor-widget elementor-widget-text-editor\" data-id=\"caa339d\" data-element_type=\"widget\" data-e-type=\"widget\" data-widget_type=\"text-editor.default\">\n\t\t\t\t<div class=\"elementor-widget-container\">\n\t\t\t\t\t\t\t\t\t<p>Les d\u00e9tails concernant les prix, les conditions de paiement et les frais applicables sont fournis pendant le processus de commande. Vous acceptez de payer tous les frais associ\u00e9s \u00e0 l&rsquo;utilisation de nos services, tels que sp\u00e9cifi\u00e9s.<\/p>\n\t\t\t\t\t\t\t\t<\/div>\n\t\t\t\t<\/div>\n\t\t\t\t<div class=\"elementor-element elementor-element-4478c33 elementor-widget elementor-widget-heading\" data-id=\"4478c33\" data-element_type=\"widget\" data-e-type=\"widget\" data-widget_type=\"heading.default\">\n\t\t\t\t<div class=\"elementor-widget-container\">\n\t\t\t\t\t<h6 class=\"elementor-heading-title elementor-size-default\">Confidentialit\u00e9<\/h6>\t\t\t\t<\/div>\n\t\t\t\t<\/div>\n\t\t\t\t<div class=\"elementor-element elementor-element-2a39374 elementor-widget elementor-widget-text-editor\" data-id=\"2a39374\" data-element_type=\"widget\" data-e-type=\"widget\" data-widget_type=\"text-editor.default\">\n\t\t\t\t<div class=\"elementor-widget-container\">\n\t\t\t\t\t\t\t\t\t<p>Nous respectons votre vie priv\u00e9e et traitons vos informations personnelles conform\u00e9ment \u00e0 notre politique de confidentialit\u00e9. Vous acceptez de garder confidentielles toutes les informations non publiques que vous recevez de notre part et de les utiliser uniquement aux fins pour lesquelles elles ont \u00e9t\u00e9 divulgu\u00e9es.<\/p>\n\t\t\t\t\t\t\t\t<\/div>\n\t\t\t\t<\/div>\n\t\t\t\t<div class=\"elementor-element elementor-element-d37faf7 elementor-widget elementor-widget-heading\" data-id=\"d37faf7\" data-element_type=\"widget\" data-e-type=\"widget\" data-widget_type=\"heading.default\">\n\t\t\t\t<div class=\"elementor-widget-container\">\n\t\t\t\t\t<h6 class=\"elementor-heading-title elementor-size-default\">Limitation de responsabilit\u00e9<\/h6>\t\t\t\t<\/div>\n\t\t\t\t<\/div>\n\t\t\t\t<div class=\"elementor-element elementor-element-a36e5eb elementor-widget elementor-widget-text-editor\" data-id=\"a36e5eb\" data-element_type=\"widget\" data-e-type=\"widget\" data-widget_type=\"text-editor.default\">\n\t\t\t\t<div class=\"elementor-widget-container\">\n\t\t\t\t\t\t\t\t\t<p>Dans toute la mesure permise par la loi, Maurema Home ne pourra \u00eatre tenue responsable des dommages indirects, accessoires, sp\u00e9ciaux, cons\u00e9cutifs ou punitifs d\u00e9coulant de ou en lien avec l&rsquo;utilisation de nos services. Notre responsabilit\u00e9 sera limit\u00e9e au montant maximum autoris\u00e9 par la loi.<\/p>\n\t\t\t\t\t\t\t\t<\/div>\n\t\t\t\t<\/div>\n\t\t\t\t<div class=\"elementor-element elementor-element-b5502f8 elementor-widget elementor-widget-heading\" data-id=\"b5502f8\" data-element_type=\"widget\" data-e-type=\"widget\" data-widget_type=\"heading.default\">\n\t\t\t\t<div class=\"elementor-widget-container\">\n\t\t\t\t\t<h6 class=\"elementor-heading-title elementor-size-default\">R\u00e9siliation<\/h6>\t\t\t\t<\/div>\n\t\t\t\t<\/div>\n\t\t\t\t<div class=\"elementor-element elementor-element-45d720a elementor-widget elementor-widget-text-editor\" data-id=\"45d720a\" data-element_type=\"widget\" data-e-type=\"widget\" data-widget_type=\"text-editor.default\">\n\t\t\t\t<div class=\"elementor-widget-container\">\n\t\t\t\t\t\t\t\t\t<p>Nous nous r\u00e9servons le droit de r\u00e9silier ou de suspendre l&rsquo;acc\u00e8s \u00e0 nos services \u00e0 notre seule discr\u00e9tion, sans pr\u00e9avis, pour toute raison, y compris si vous enfreignez ces conditions g\u00e9n\u00e9rales.<\/p>\n\t\t\t\t\t\t\t\t<\/div>\n\t\t\t\t<\/div>\n\t\t\t\t<div class=\"elementor-element elementor-element-b768394 elementor-widget elementor-widget-heading\" data-id=\"b768394\" data-element_type=\"widget\" data-e-type=\"widget\" data-widget_type=\"heading.default\">\n\t\t\t\t<div class=\"elementor-widget-container\">\n\t\t\t\t\t<h6 class=\"elementor-heading-title elementor-size-default\">Modifications des conditions<\/h6>\t\t\t\t<\/div>\n\t\t\t\t<\/div>\n\t\t\t\t<div class=\"elementor-element elementor-element-e3218ec elementor-widget elementor-widget-text-editor\" data-id=\"e3218ec\" data-element_type=\"widget\" data-e-type=\"widget\" data-widget_type=\"text-editor.default\">\n\t\t\t\t<div class=\"elementor-widget-container\">\n\t\t\t\t\t\t\t\t\t<p>Nous pouvons mettre \u00e0 jour ces conditions g\u00e9n\u00e9rales de temps \u00e0 autre. Toute modification prendra effet imm\u00e9diatement apr\u00e8s sa publication. Votre utilisation continue de nos services apr\u00e8s la publication de ces modifications constitue votre acceptation de ces modifications. <\/p>\n\t\t\t\t\t\t\t\t<\/div>\n\t\t\t\t<\/div>\n\t\t\t\t<div class=\"elementor-element elementor-element-ffb3902 elementor-widget elementor-widget-heading\" data-id=\"ffb3902\" data-element_type=\"widget\" data-e-type=\"widget\" data-widget_type=\"heading.default\">\n\t\t\t\t<div class=\"elementor-widget-container\">\n\t\t\t\t\t<h6 class=\"elementor-heading-title elementor-size-default\">Droit applicable<\/h6>\t\t\t\t<\/div>\n\t\t\t\t<\/div>\n\t\t\t\t<div class=\"elementor-element elementor-element-31d8f25 elementor-widget elementor-widget-text-editor\" data-id=\"31d8f25\" data-element_type=\"widget\" data-e-type=\"widget\" data-widget_type=\"text-editor.default\">\n\t\t\t\t<div class=\"elementor-widget-container\">\n\t\t\t\t\t\t\t\t\t<p>Ces conditions g\u00e9n\u00e9rales seront r\u00e9gies par et interpr\u00e9t\u00e9es conform\u00e9ment aux lois de l&rsquo;\u00eele Maurice. Toute dispute d\u00e9coulant de ou en lien avec ces conditions sera soumise \u00e0 la juridiction exclusive des tribunaux de l&rsquo;\u00eele Maurice.<\/p>\n\t\t\t\t\t\t\t\t<\/div>\n\t\t\t\t<\/div>\n\t\t\t\t<div class=\"elementor-element elementor-element-74b0f52 elementor-widget elementor-widget-heading\" data-id=\"74b0f52\" data-element_type=\"widget\" data-e-type=\"widget\" data-widget_type=\"heading.default\">\n\t\t\t\t<div class=\"elementor-widget-container\">\n\t\t\t\t\t<h6 class=\"elementor-heading-title elementor-size-default\">Contactez-nous<\/h6>\t\t\t\t<\/div>\n\t\t\t\t<\/div>\n\t\t\t\t<div class=\"elementor-element elementor-element-0d6efc1 elementor-widget elementor-widget-text-editor\" data-id=\"0d6efc1\" data-element_type=\"widget\" data-e-type=\"widget\" data-widget_type=\"text-editor.default\">\n\t\t\t\t<div class=\"elementor-widget-container\">\n\t\t\t\t\t\t\t\t\t<p>Si vous avez des questions concernant les pr\u00e9sentes conditions g\u00e9n\u00e9rales, veuillez nous contacter \u00e0 l&rsquo;adresse suivante <a href=\"mailto:contact@maurema.net\">contact@maurema.net<\/a><\/p>\n\t\t\t\t\t\t\t\t<\/div>\n\t\t\t\t<\/div>\n\t\t\t\t\t<\/div>\n\t\t\t\t<\/div>\n\t\t\t\t<\/div>\n\t\t","protected":false},"excerpt":{"rendered":"<p>Conditions g\u00e9n\u00e9rales Bienvenue sur Maurema Home ! En acc\u00e9dant \u00e0 notre site Web et en utilisant nos services, vous acceptez de vous conformer aux conditions suivantes. Veuillez lire attentivement ces conditions. Si vous n&rsquo;\u00eates pas d&rsquo;accord avec ces conditions, vous ne devez pas utiliser nos services. Services Maurema Home se sp\u00e9cialise dans la fourniture de [&hellip;]<\/p>\n","protected":false},"author":14,"featured_media":0,"parent":0,"menu_order":0,"comment_status":"closed","ping_status":"closed","template":"","meta":{"_acf_changed":false,"inline_featured_image":false,"footnotes":""},"class_list":["post-5053","page","type-page","status-publish","hentry"],"acf":[],"_links":{"self":[{"href":"https:\/\/maurema-home.mu\/fr\/wp-json\/wp\/v2\/pages\/5053","targetHints":{"allow":["GET"]}}],"collection":[{"href":"https:\/\/maurema-home.mu\/fr\/wp-json\/wp\/v2\/pages"}],"about":[{"href":"https:\/\/maurema-home.mu\/fr\/wp-json\/wp\/v2\/types\/page"}],"author":[{"embeddable":true,"href":"https:\/\/maurema-home.mu\/fr\/wp-json\/wp\/v2\/users\/14"}],"replies":[{"embeddable":true,"href":"https:\/\/maurema-home.mu\/fr\/wp-json\/wp\/v2\/comments?post=5053"}],"version-history":[{"count":4,"href":"https:\/\/maurema-home.mu\/fr\/wp-json\/wp\/v2\/pages\/5053\/revisions"}],"predecessor-version":[{"id":5299,"href":"https:\/\/maurema-home.mu\/fr\/wp-json\/wp\/v2\/pages\/5053\/revisions\/5299"}],"wp:attachment":[{"href":"https:\/\/maurema-home.mu\/fr\/wp-json\/wp\/v2\/media?parent=5053"}],"curies":[{"name":"wp","href":"https:\/\/api.w.org\/{rel}","templated":true}]}}